{"id":50,"date":"2026-03-12T17:04:23","date_gmt":"2026-03-12T16:04:23","guid":{"rendered":"https:\/\/wendelstein-pc.de\/?page_id=50"},"modified":"2026-03-15T10:05:49","modified_gmt":"2026-03-15T09:05:49","slug":"ueber-mich","status":"publish","type":"page","link":"https:\/\/wendelstein-pc.de\/?page_id=50","title":{"rendered":"\u00dcber mich"},"content":{"rendered":"\t\t<div data-elementor-type=\"wp-page\" data-elementor-id=\"50\" class=\"elementor elementor-50\" data-elementor-post-type=\"page\">\n\t\t\t\t<div class=\"elementor-element elementor-element-90a6720 e-con-full e-flex e-con e-parent\" data-id=\"90a6720\" data-element_type=\"container\" data-e-type=\"container\" data-settings=\"{&quot;background_background&quot;:&quot;classic&quot;}\">\n\t\t\t\t<div class=\"elementor-element elementor-element-5454d1f elementor-invisible elementor-widget elementor-widget-heading\" data-id=\"5454d1f\" data-element_type=\"widget\" data-e-type=\"widget\" data-settings=\"{&quot;_animation&quot;:&quot;pulse&quot;}\" data-widget_type=\"heading.default\">\n\t\t\t\t\t<h3 class=\"elementor-heading-title elementor-size-default\">IT-Beratung mit Herz und Verstand!<\/h3>\t\t\t\t<\/div>\n\t\t\t\t<div class=\"elementor-element elementor-element-24e94cc elementor-widget__width-initial elementor-invisible elementor-widget elementor-widget-text-editor\" data-id=\"24e94cc\" data-element_type=\"widget\" data-e-type=\"widget\" data-settings=\"{&quot;_animation&quot;:&quot;pulse&quot;}\" data-widget_type=\"text-editor.default\">\n\t\t\t\t\t\t\t\t\t<p style=\"text-align: center;\">Kundenzufriedenheit ist mir sehr wichtig.<\/p><p style=\"text-align: center;\">Ob Privatperson oder Unternehmer: ich bin stets bem\u00fcht, alle Ihre Fragen verst\u00e4ndlich zu beantworten, Sie umfassend zu beraten und Probleme zielgerichtet zu beseitigen.<br \/>Ich w\u00fcrde mich freuen, Sie bald als Kunden begr\u00fc\u00dfen zu d\u00fcrfen.<\/p><p style=\"text-align: center;\">Ich bin gern f\u00fcr Sie da.<\/p>\t\t\t\t\t\t\t\t<\/div>\n\t\t\t\t<\/div>\n\t\t<div class=\"elementor-element elementor-element-7c9b114 e-con-full e-flex e-con e-parent\" data-id=\"7c9b114\" data-element_type=\"container\" data-e-type=\"container\" data-settings=\"{&quot;background_background&quot;:&quot;classic&quot;}\">\n\t\t<div class=\"elementor-element elementor-element-7baa1fe e-flex e-con-boxed e-con e-child\" data-id=\"7baa1fe\" data-element_type=\"container\" data-e-type=\"container\" data-settings=\"{&quot;background_background&quot;:&quot;classic&quot;}\">\n\t\t\t\t\t<div class=\"e-con-inner\">\n\t\t\t\t<div class=\"elementor-element elementor-element-cdada7a elementor-widget__width-inherit elementor-widget elementor-widget-heading\" data-id=\"cdada7a\" data-element_type=\"widget\" data-e-type=\"widget\" data-widget_type=\"heading.default\">\n\t\t\t\t\t<h3 class=\"elementor-heading-title elementor-size-default\">Wissenswertes \u00fcber meine Person<\/h3>\t\t\t\t<\/div>\n\t\t\t\t<div class=\"elementor-element elementor-element-bbba163 elementor-widget elementor-widget-text-editor\" data-id=\"bbba163\" data-element_type=\"widget\" data-e-type=\"widget\" data-widget_type=\"text-editor.default\">\n\t\t\t\t\t\t\t\t\t<p>Ich wurde 1964 in N\u00fcrnberg geboren.\u00a0 Im Alter von 15 Jahren habe ich bei der damaligen <a href=\"https:\/\/de.wikipedia.org\/wiki\/Standard_Elektrik_Lorenz\">SEL (Standard Elektrik Lorenz)<\/a> meine 3 1\/2-j\u00e4hrige Ausbildung zum Feinger\u00e4teelektroniker begonnen. Ca. 2 Jahre nach der Ausbildung wurde ich zur Bundeswehr in Hemau\/Regensburg eingezogen.<\/p><p>Unmittelbar danach &#8211; ab 1986 &#8211; durfte ich mich bei der <a href=\"https:\/\/de.wikipedia.org\/wiki\/VAG_Verkehrs-Aktiengesellschaft_N%C3%BCrnberg\">VAG (Verkehrs AG N\u00fcrnberg)<\/a> innerhalb eines Teams um die Funktionst\u00fcchtigkeit der Fahrkartenautomaten k\u00fcmmern. 1993 entdeckte ich dann meine Leidenschaft f\u00fcr die EDV und war sehr schnell f\u00fcr die Vernetzung der U-Bahnh\u00f6fe und den dazu geh\u00f6rigen Betriebsgeb\u00e4uden zust\u00e4ndig. Die folgenden Jahre war ich dann als Netzwerktechniker\/Projektmanager eingesetzt.<\/p><p>2010 wechselte ich intern von der VAG zur <a href=\"https:\/\/de.wikipedia.org\/wiki\/N-ERGIE\">N-Ergie (Energieversorger N\u00fcrnberg)<\/a> und war dort als IT-Systemingenieur t\u00e4tig. In einem kleinen Team f\u00fchrten wir dann Windows mit Hilfe von Microsoft SCCM (Softwareverteilung) fl\u00e4chendeckend ein. Mein T\u00e4tigkeitsfeld war unter anderem der Betrieb der dazugeh\u00f6rigen Server, inklusive Gruppenrichtlinien, sowie die Administration von Usern und derer Rechte. Dabei war ich auch f\u00fcr die Installation der Endpoint-Protection sprich Virenscanner zust\u00e4ndig.<\/p><p><strong>Meine Motivation f\u00fcr die Zukunft ist, mein Wissen und meine Erfahrung weiterzugeben &#8211; die EDV kann, richtig eingerichtet, sehr hilfreich und einfach sein. Darum, scheuen Sie sich nicht mich zu kontaktieren.<\/strong><\/p>\t\t\t\t\t\t\t\t<\/div>\n\t\t\t\t\t<\/div>\n\t\t\t\t<\/div>\n\t\t\t\t<div class=\"elementor-element elementor-element-c59f374 e-transform elementor-widget elementor-widget-button\" data-id=\"c59f374\" data-element_type=\"widget\" data-e-type=\"widget\" data-settings=\"{&quot;_transform_scale_effect_hover&quot;:{&quot;unit&quot;:&quot;px&quot;,&quot;size&quot;:1.100000000000000088817841970012523233890533447265625,&quot;sizes&quot;:[]},&quot;_transform_scale_effect_hover_tablet&quot;:{&quot;unit&quot;:&quot;px&quot;,&quot;size&quot;:&quot;&quot;,&quot;sizes&quot;:[]},&quot;_transform_scale_effect_hover_mobile&quot;:{&quot;unit&quot;:&quot;px&quot;,&quot;size&quot;:&quot;&quot;,&quot;sizes&quot;:[]}}\" data-widget_type=\"button.default\">\n\t\t\t\t\t\t\t\t\t\t<a class=\"elementor-button elementor-button-link elementor-size-sm\" href=\"https:\/\/wendelstein-pc.de\/?page_id=56\">\n\t\t\t\t\t\t<span class=\"elementor-button-content-wrapper\">\n\t\t\t\t\t\t\t\t\t<span class=\"elementor-button-text\">Nachricht schreiben<\/span>\n\t\t\t\t\t<\/span>\n\t\t\t\t\t<\/a>\n\t\t\t\t\t\t\t\t<\/div>\n\t\t\t\t<div class=\"elementor-element elementor-element-b7a8139 elementor-widget elementor-widget-shortcode\" data-id=\"b7a8139\" data-element_type=\"widget\" data-e-type=\"widget\" data-widget_type=\"shortcode.default\">\n\t\t\t\t\t\t\t<div class=\"elementor-shortcode\"><\/div>\n\t\t\t\t\t\t<\/div>\n\t\t\t\t<\/div>\n\t\t\t\t<\/div>\n\t\t","protected":false},"excerpt":{"rendered":"<p>IT-Beratung mit Herz und Verstand! Kundenzufriedenheit ist mir sehr wichtig. Ob Privatperson oder Unternehmer: ich bin stets bem\u00fcht, alle Ihre Fragen verst\u00e4ndlich zu beantworten, Sie umfassend zu beraten und Probleme zielgerichtet zu beseitigen.Ich w\u00fcrde mich freuen, Sie bald als Kunden begr\u00fc\u00dfen zu d\u00fcrfen. Ich bin gern f\u00fcr Sie da. Wissenswertes \u00fcber meine Person Ich wurde [&hellip;]<\/p>\n","protected":false},"author":1,"featured_media":0,"parent":0,"menu_order":0,"comment_status":"closed","ping_status":"closed","template":"","meta":{"footnotes":""},"class_list":["post-50","page","type-page","status-publish","hentry"],"_links":{"self":[{"href":"https:\/\/wendelstein-pc.de\/index.php?rest_route=\/wp\/v2\/pages\/50","targetHints":{"allow":["GET"]}}],"collection":[{"href":"https:\/\/wendelstein-pc.de\/index.php?rest_route=\/wp\/v2\/pages"}],"about":[{"href":"https:\/\/wendelstein-pc.de\/index.php?rest_route=\/wp\/v2\/types\/page"}],"author":[{"embeddable":true,"href":"https:\/\/wendelstein-pc.de\/index.php?rest_route=\/wp\/v2\/users\/1"}],"replies":[{"embeddable":true,"href":"https:\/\/wendelstein-pc.de\/index.php?rest_route=%2Fwp%2Fv2%2Fcomments&post=50"}],"version-history":[{"count":10,"href":"https:\/\/wendelstein-pc.de\/index.php?rest_route=\/wp\/v2\/pages\/50\/revisions"}],"predecessor-version":[{"id":121,"href":"https:\/\/wendelstein-pc.de\/index.php?rest_route=\/wp\/v2\/pages\/50\/revisions\/121"}],"wp:attachment":[{"href":"https:\/\/wendelstein-pc.de\/index.php?rest_route=%2Fwp%2Fv2%2Fmedia&parent=50"}],"curies":[{"name":"wp","href":"https:\/\/api.w.org\/{rel}","templated":true}]}}