{"id":28,"date":"2026-03-12T13:36:32","date_gmt":"2026-03-12T12:36:32","guid":{"rendered":"https:\/\/wendelstein-pc.de\/?page_id=28"},"modified":"2026-04-07T15:31:32","modified_gmt":"2026-04-07T13:31:32","slug":"home","status":"publish","type":"page","link":"https:\/\/wendelstein-pc.de\/","title":{"rendered":"Home"},"content":{"rendered":"\t\t<div data-elementor-type=\"wp-page\" data-elementor-id=\"28\" class=\"elementor elementor-28\" data-elementor-post-type=\"page\">\n\t\t\t\t<div class=\"elementor-element elementor-element-07ab7f6 e-flex e-con-boxed e-con e-parent\" data-id=\"07ab7f6\" data-element_type=\"container\" data-e-type=\"container\" data-settings=\"{&quot;background_background&quot;:&quot;classic&quot;}\">\n\t\t\t\t\t<div class=\"e-con-inner\">\n\t\t\t\t<div class=\"elementor-element elementor-element-796def2 elementor-invisible elementor-widget elementor-widget-heading\" data-id=\"796def2\" data-element_type=\"widget\" data-e-type=\"widget\" data-settings=\"{&quot;_animation&quot;:&quot;pulse&quot;}\" data-widget_type=\"heading.default\">\n\t\t\t\t\t<h1 class=\"elementor-heading-title elementor-size-default\">Zukunft gestalten, digital verbinden<\/h1>\t\t\t\t<\/div>\n\t\t\t\t<div class=\"elementor-element elementor-element-93b2c7b animated-slow elementor-invisible elementor-widget elementor-widget-heading\" data-id=\"93b2c7b\" data-element_type=\"widget\" data-e-type=\"widget\" data-settings=\"{&quot;_animation&quot;:&quot;fadeIn&quot;,&quot;_animation_delay&quot;:2000}\" data-widget_type=\"heading.default\">\n\t\t\t\t\t<h1 class=\"elementor-heading-title elementor-size-default\">IT-Beratung f\u00fcr alle Lebenswege<\/h1>\t\t\t\t<\/div>\n\t\t\t\t\t<\/div>\n\t\t\t\t<\/div>\n\t\t<div class=\"elementor-element elementor-element-44f263d e-flex e-con-boxed e-con e-parent\" data-id=\"44f263d\" data-element_type=\"container\" data-e-type=\"container\">\n\t\t\t\t\t<div class=\"e-con-inner\">\n\t\t\t\t<div class=\"elementor-element elementor-element-92c03fe elementor-widget elementor-widget-heading\" data-id=\"92c03fe\" data-element_type=\"widget\" data-e-type=\"widget\" data-settings=\"{&quot;_animation&quot;:&quot;none&quot;}\" data-widget_type=\"heading.default\">\n\t\t\t\t\t<h2 class=\"elementor-heading-title elementor-size-default\">Herzlich willkommen bei IT-PARSI, Ihrer IT-Beratung.<\/h2>\t\t\t\t<\/div>\n\t\t\t\t<div class=\"elementor-element elementor-element-67a8a3c elementor-widget elementor-widget-text-editor\" data-id=\"67a8a3c\" data-element_type=\"widget\" data-e-type=\"widget\" data-widget_type=\"text-editor.default\">\n\t\t\t\t\t\t\t\t\t<p style=\"text-align: left;\">Ich bin Ihr verl\u00e4sslicher IT-Berater f\u00fcr all Ihre Technologiebed\u00fcrfnisse. Egal, ob Sie Unternehmer oder Privatperson sind &#8211; ich stehe Ihnen zur Seite, um Ihnen die bestm\u00f6gliche L\u00f6sung zu bieten. Ich unterst\u00fctze Sie dabei Ihre technischen Herausforderungen zu meistern und Ihre Visionen zu verwirklichen. Ich optimiere Ihre IT-Systeme, f\u00fchre Sie in neue Technologien ein und sorge daf\u00fcr, dass Ihre Daten sicher und gesch\u00fctzt sind.<\/p><p style=\"text-align: left;\">Kundenzufriedenheit ist mein oberstes Ziel und ich bin stolz auf die Erfolgsgeschichten, die ich mit meinen Kunden teilen kann. Lassen Sie mich auch Sie auf Ihrem Weg zum Erfolg begleiten!\u00a0Egal, ob Sie Fragen haben oder eine pers\u00f6nliche Beratung w\u00fcnschen, z\u00f6gern Sie nicht, mich zu kontaktieren.<\/p><p style=\"text-align: left;\">Ich freue mich darauf, Ihnen zu helfen!<\/p>\t\t\t\t\t\t\t\t<\/div>\n\t\t\t\t<div class=\"elementor-element elementor-element-2c72979 elementor-widget-divider--view-line elementor-widget elementor-widget-divider\" data-id=\"2c72979\" data-element_type=\"widget\" data-e-type=\"widget\" data-widget_type=\"divider.default\">\n\t\t\t\t\t\t\t<div class=\"elementor-divider\">\n\t\t\t<span class=\"elementor-divider-separator\">\n\t\t\t\t\t\t<\/span>\n\t\t<\/div>\n\t\t\t\t\t\t<\/div>\n\t\t\t\t<div class=\"elementor-element elementor-element-5fff393 elementor-widget elementor-widget-text-editor\" data-id=\"5fff393\" data-element_type=\"widget\" data-e-type=\"widget\" data-widget_type=\"text-editor.default\">\n\t\t\t\t\t\t\t\t\t<p style=\"text-align: left;\">Haben Sie noch Fragen, m\u00f6chten Sie noch mehr erfahren, kein Problem &#8211; schreiben Sie mir eine Nachricht&#8230;<\/p>\t\t\t\t\t\t\t\t<\/div>\n\t\t\t\t<div class=\"elementor-element elementor-element-b613fef e-transform elementor-widget elementor-widget-button\" data-id=\"b613fef\" data-element_type=\"widget\" data-e-type=\"widget\" data-settings=\"{&quot;_transform_scale_effect_hover&quot;:{&quot;unit&quot;:&quot;px&quot;,&quot;size&quot;:1.100000000000000088817841970012523233890533447265625,&quot;sizes&quot;:[]},&quot;_transform_scale_effect_hover_tablet&quot;:{&quot;unit&quot;:&quot;px&quot;,&quot;size&quot;:&quot;&quot;,&quot;sizes&quot;:[]},&quot;_transform_scale_effect_hover_mobile&quot;:{&quot;unit&quot;:&quot;px&quot;,&quot;size&quot;:&quot;&quot;,&quot;sizes&quot;:[]}}\" data-widget_type=\"button.default\">\n\t\t\t\t\t\t\t\t\t\t<a class=\"elementor-button elementor-button-link elementor-size-sm\" href=\"https:\/\/wendelstein-pc.de\/?page_id=56\">\n\t\t\t\t\t\t<span class=\"elementor-button-content-wrapper\">\n\t\t\t\t\t\t\t\t\t<span class=\"elementor-button-text\">Nachricht schreiben<\/span>\n\t\t\t\t\t<\/span>\n\t\t\t\t\t<\/a>\n\t\t\t\t\t\t\t\t<\/div>\n\t\t\t\t<div class=\"elementor-element elementor-element-d200eae elementor-widget elementor-widget-shortcode\" data-id=\"d200eae\" data-element_type=\"widget\" data-e-type=\"widget\" data-widget_type=\"shortcode.default\">\n\t\t\t\t\t\t\t<div class=\"elementor-shortcode\"><\/div>\n\t\t\t\t\t\t<\/div>\n\t\t\t\t\t<\/div>\n\t\t\t\t<\/div>\n\t\t\t\t<\/div>\n\t\t","protected":false},"excerpt":{"rendered":"<p>Zukunft gestalten, digital verbinden IT-Beratung f\u00fcr alle Lebenswege Herzlich willkommen bei IT-PARSI, Ihrer IT-Beratung. Ich bin Ihr verl\u00e4sslicher IT-Berater f\u00fcr all Ihre Technologiebed\u00fcrfnisse. Egal, ob Sie Unternehmer oder Privatperson sind &#8211; ich stehe Ihnen zur Seite, um Ihnen die bestm\u00f6gliche L\u00f6sung zu bieten. Ich unterst\u00fctze Sie dabei Ihre technischen Herausforderungen zu meistern und Ihre Visionen [&hellip;]<\/p>\n","protected":false},"author":1,"featured_media":0,"parent":0,"menu_order":0,"comment_status":"closed","ping_status":"closed","template":"","meta":{"footnotes":""},"class_list":["post-28","page","type-page","status-publish","hentry"],"_links":{"self":[{"href":"https:\/\/wendelstein-pc.de\/index.php?rest_route=\/wp\/v2\/pages\/28","targetHints":{"allow":["GET"]}}],"collection":[{"href":"https:\/\/wendelstein-pc.de\/index.php?rest_route=\/wp\/v2\/pages"}],"about":[{"href":"https:\/\/wendelstein-pc.de\/index.php?rest_route=\/wp\/v2\/types\/page"}],"author":[{"embeddable":true,"href":"https:\/\/wendelstein-pc.de\/index.php?rest_route=\/wp\/v2\/users\/1"}],"replies":[{"embeddable":true,"href":"https:\/\/wendelstein-pc.de\/index.php?rest_route=%2Fwp%2Fv2%2Fcomments&post=28"}],"version-history":[{"count":10,"href":"https:\/\/wendelstein-pc.de\/index.php?rest_route=\/wp\/v2\/pages\/28\/revisions"}],"predecessor-version":[{"id":157,"href":"https:\/\/wendelstein-pc.de\/index.php?rest_route=\/wp\/v2\/pages\/28\/revisions\/157"}],"wp:attachment":[{"href":"https:\/\/wendelstein-pc.de\/index.php?rest_route=%2Fwp%2Fv2%2Fmedia&parent=28"}],"curies":[{"name":"wp","href":"https:\/\/api.w.org\/{rel}","templated":true}]}}